{"id":29605,"date":"2020-12-20T00:00:00","date_gmt":"2020-12-19T23:00:00","guid":{"rendered":"https:\/\/www.cartilla.de\/shop\/senza-categoria\/people-campione-a3\/"},"modified":"2021-02-05T12:49:09","modified_gmt":"2021-02-05T11:49:09","slug":"menschen-a3-muster","status":"publish","type":"product","link":"https:\/\/www.cartilla.de\/de\/negozio\/campioni-carta-da-parati\/people-campione-a3\/","title":{"rendered":"PEOPLE - Muster A3"},"content":{"rendered":"<div id=\"fws_69e636e4c18b0\"  data-column-margin=\"default\" data-midnight=\"dark\"  class=\"wpb_row vc_row-fluid vc_row\"  style=\"padding-top: 0px; padding-bottom: 0px; \"><div class=\"row-bg-wrap\" data-bg-animation=\"none\" data-bg-animation-delay=\"\" data-bg-overlay=\"false\"><div class=\"inner-wrap row-bg-layer\" ><div class=\"row-bg viewport-desktop\"  style=\"\"><\/div><\/div><\/div><div class=\"row_col_wrap_12 col span_12 dark left\">\n\t<div  class=\"vc_col-sm-12 wpb_column column_container vc_column_container col no-extra-padding\"  data-padding-pos=\"all\" data-has-bg-color=\"false\" data-bg-color=\"\" data-bg-opacity=\"1\" data-animation=\"\" data-delay=\"0\" >\n\t\t<div class=\"vc_column-inner\" >\n\t\t\t<div class=\"wpb_wrapper\">\n\t\t\t\t<div class=\"nectar-highlighted-text\" data-style=\"half_text\" data-exp=\"default\" data-using-custom-color=\"true\" data-animation-delay=\"false\" data-color=\"#00d8b2\" data-color-gradient=\"\" style=\"\"><h2>&nbsp;<em> Fassen Sie die Qualit\u00e4t<\/em> unserer <em>Tapeten<\/em> an. <em>&nbsp; <\/em>&nbsp;<\/h2>\n<\/div>\n\t\t\t<\/div> \n\t\t<\/div>\n\t<\/div> \n<\/div><\/div>\n\t\t<div id=\"fws_69e636e4c25dc\"  data-column-margin=\"default\" data-midnight=\"dark\"  class=\"wpb_row vc_row-fluid vc_row\"  style=\"padding-top: 0px; padding-bottom: 0px; \"><div class=\"row-bg-wrap\" data-bg-animation=\"none\" data-bg-animation-delay=\"\" data-bg-overlay=\"false\"><div class=\"inner-wrap row-bg-layer\" ><div class=\"row-bg viewport-desktop\"  style=\"\"><\/div><\/div><\/div><div class=\"row_col_wrap_12 col span_12 dark left\">\n\t<div  class=\"vc_col-sm-12 wpb_column column_container vc_column_container col no-extra-padding\"  data-padding-pos=\"all\" data-has-bg-color=\"false\" data-bg-color=\"\" data-bg-opacity=\"1\" data-animation=\"\" data-delay=\"0\" >\n\t\t<div class=\"vc_column-inner\" >\n\t\t\t<div class=\"wpb_wrapper\">\n\t\t\t\t\n<div class=\"wpb_text_column wpb_content_element\" >\n\t<div class=\"wpb_wrapper\">\n\t\t<p>Bei den A3-Mustern unserer Tapeten handelt es sich um hochaufl\u00f6sende Drucke, damit Sie die Qualit\u00e4t unserer Produkte anfassen, das Design auf Ihren W\u00e4nden pr\u00fcfen und dann entscheiden k\u00f6nnen, welche unserer Vorschl\u00e4ge am besten geeignet ist, um Ihre Wohnung zu personalisieren.<\/p>\n<h3>ERHALTEN SIE EIN KOSTENLOSES RENDERING<\/h3>\n<p>Mit dem Einkauf dieses Musters erhalten Sie ein kostenloses Rendering der Tapete auf Ihrer Wand!<\/p>\n<h3>DAS MUSTER GEHT AUF UNS!<\/h3>\n<p>Das A3-Muster ist kostenlos und die Versandkosten werden Ihnen durch einen Rabatt beim Kauf der Tapete zur\u00fcckerstattet!<\/p>\n<h3>ANBRINGUNGSHINWEISE<\/h3>\n<p>Wir empfehlen, das Blatt mit einem St\u00fcck Klebeband an die Wand zu kleben und etwa 2 m davon entfernt zu stehen, damit Sie die Wirkung der Grafik richtig beurteilen k\u00f6nnen.<\/p>\n<p>Die Muster sind im Format A3 (29,7\u00d742 cm).<br \/>\nDie Grafiken werden bei 50% aus dem Original reproduziert<\/p>\n<p><strong>Dieses Muster dient, die h\u00f6he Qualit\u00e4t des Tapetendrucks zu zeigen. <span style=\"text-decoration: underline;\"><a href=\"https:\/\/www.cartilla.de\/de\/shop\/jahrgang\/menschen\/\">Zur Tapetenseite<\/a><\/span><\/strong><\/p>\n\t<\/div>\n<\/div>\n\n\n\n\n\t\t\t<\/div> \n\t\t<\/div>\n\t<\/div> \n<\/div><\/div>\n<style type=\"text\/css\"> .single_variation_wrap{border: none!important;} .woocommerce-variation-availability{display:none!important;} <\/style>","protected":false},"excerpt":{"rendered":"<p>Dieses Produkt ist ein Muster im A3-Format. <span style=\"text-decoration: underline;\"><a href=\"https:\/\/www.cartilla.de\/de\/shop\/jahrgang\/menschen\/\">Klicken Sie hier, um zur Wallpaper-Seite zu gelangen<\/a><\/span><\/p>","protected":false},"featured_media":29607,"template":"","meta":{"_acf_changed":false,"inline_featured_image":false},"product_brand":[],"product_cat":[428],"product_tag":[],"class_list":{"0":"post-29605","1":"product","2":"type-product","3":"status-publish","4":"has-post-thumbnail","6":"product_cat-campioni-carta-da-parati","8":"first","9":"instock","10":"sale","11":"purchasable","12":"product-type-variable","13":"has-default-attributes"},"acf":[],"yoast_head":"<!-- This site is optimized with the Yoast SEO plugin v27.3 - https:\/\/yoast.com\/product\/yoast-seo-wordpress\/ -->\n<title>PEOPLE - Campione A3 - Cartilla<\/title>\n<meta name=\"robots\" content=\"index, follow, max-snippet:-1, max-image-preview:large, max-video-preview:-1\" \/>\n<link rel=\"canonical\" href=\"https:\/\/www.cartilla.de\/de\/shop\/tapetenmuster\/menschen-a3-muster\/\" \/>\n<meta property=\"og:locale\" content=\"de_DE\" \/>\n<meta property=\"og:type\" content=\"article\" \/>\n<meta property=\"og:title\" content=\"PEOPLE - Campione A3 - Cartilla\" \/>\n<meta property=\"og:description\" content=\"Questo prodotto \u00e8 un campione in formato A3. Clicca qui per andare alla pagina della carta da parati\" \/>\n<meta property=\"og:url\" content=\"https:\/\/www.cartilla.de\/de\/shop\/tapetenmuster\/menschen-a3-muster\/\" \/>\n<meta property=\"og:site_name\" content=\"Cartilla\" \/>\n<meta property=\"article:publisher\" content=\"https:\/\/www.facebook.com\/cartillawallcovering\" \/>\n<meta property=\"article:modified_time\" content=\"2021-02-05T11:49:09+00:00\" \/>\n<meta property=\"og:image\" content=\"https:\/\/www.cartilla.de\/wp-content\/uploads\/2020\/12\/campione-A3-PEOPLE-bianco.jpg\" \/>\n\t<meta property=\"og:image:width\" content=\"1400\" \/>\n\t<meta property=\"og:image:height\" content=\"1108\" \/>\n\t<meta property=\"og:image:type\" content=\"image\/jpeg\" \/>\n<meta name=\"twitter:card\" content=\"summary_large_image\" \/>\n<meta name=\"twitter:label1\" content=\"Gesch\u00e4tzte Lesezeit\" \/>\n\t<meta name=\"twitter:data1\" content=\"2\u00a0Minuten\" \/>\n<script type=\"application\/ld+json\" class=\"yoast-schema-graph\">{\"@context\":\"https:\\\/\\\/schema.org\",\"@graph\":[{\"@type\":\"WebPage\",\"@id\":\"https:\\\/\\\/www.cartilla.de\\\/de\\\/negozio\\\/campioni-carta-da-parati\\\/people-campione-a3\\\/\",\"url\":\"https:\\\/\\\/www.cartilla.de\\\/de\\\/negozio\\\/campioni-carta-da-parati\\\/people-campione-a3\\\/\",\"name\":\"PEOPLE - Campione A3 - Cartilla\",\"isPartOf\":{\"@id\":\"https:\\\/\\\/www.cartilla.de\\\/de\\\/#website\"},\"primaryImageOfPage\":{\"@id\":\"https:\\\/\\\/www.cartilla.de\\\/de\\\/negozio\\\/campioni-carta-da-parati\\\/people-campione-a3\\\/#primaryimage\"},\"image\":{\"@id\":\"https:\\\/\\\/www.cartilla.de\\\/de\\\/negozio\\\/campioni-carta-da-parati\\\/people-campione-a3\\\/#primaryimage\"},\"thumbnailUrl\":\"https:\\\/\\\/www.cartilla.de\\\/wp-content\\\/uploads\\\/2020\\\/12\\\/campione-A3-PEOPLE-bianco.jpg\",\"datePublished\":\"2020-12-19T23:00:00+00:00\",\"dateModified\":\"2021-02-05T11:49:09+00:00\",\"breadcrumb\":{\"@id\":\"https:\\\/\\\/www.cartilla.de\\\/de\\\/negozio\\\/campioni-carta-da-parati\\\/people-campione-a3\\\/#breadcrumb\"},\"inLanguage\":\"de\",\"potentialAction\":[{\"@type\":\"ReadAction\",\"target\":[\"https:\\\/\\\/www.cartilla.de\\\/de\\\/negozio\\\/campioni-carta-da-parati\\\/people-campione-a3\\\/\"]}]},{\"@type\":\"ImageObject\",\"inLanguage\":\"de\",\"@id\":\"https:\\\/\\\/www.cartilla.de\\\/de\\\/negozio\\\/campioni-carta-da-parati\\\/people-campione-a3\\\/#primaryimage\",\"url\":\"https:\\\/\\\/www.cartilla.de\\\/wp-content\\\/uploads\\\/2020\\\/12\\\/campione-A3-PEOPLE-bianco.jpg\",\"contentUrl\":\"https:\\\/\\\/www.cartilla.de\\\/wp-content\\\/uploads\\\/2020\\\/12\\\/campione-A3-PEOPLE-bianco.jpg\",\"width\":1400,\"height\":1108},{\"@type\":\"BreadcrumbList\",\"@id\":\"https:\\\/\\\/www.cartilla.de\\\/de\\\/negozio\\\/campioni-carta-da-parati\\\/people-campione-a3\\\/#breadcrumb\",\"itemListElement\":[{\"@type\":\"ListItem\",\"position\":1,\"name\":\"Home\",\"item\":\"https:\\\/\\\/www.cartilla.de\\\/\"},{\"@type\":\"ListItem\",\"position\":2,\"name\":\"Prodotti\",\"item\":\"https:\\\/\\\/www.cartilla.de\\\/shop\\\/\"},{\"@type\":\"ListItem\",\"position\":3,\"name\":\"PEOPLE &#8211; Campione A3\"}]},{\"@type\":\"WebSite\",\"@id\":\"https:\\\/\\\/www.cartilla.de\\\/de\\\/#website\",\"url\":\"https:\\\/\\\/www.cartilla.de\\\/de\\\/\",\"name\":\"Cartilla\",\"description\":\"Carta da parati\",\"publisher\":{\"@id\":\"https:\\\/\\\/www.cartilla.de\\\/de\\\/#organization\"},\"potentialAction\":[{\"@type\":\"SearchAction\",\"target\":{\"@type\":\"EntryPoint\",\"urlTemplate\":\"https:\\\/\\\/www.cartilla.de\\\/de\\\/?s={search_term_string}\"},\"query-input\":{\"@type\":\"PropertyValueSpecification\",\"valueRequired\":true,\"valueName\":\"search_term_string\"}}],\"inLanguage\":\"de\"},{\"@type\":\"Organization\",\"@id\":\"https:\\\/\\\/www.cartilla.de\\\/de\\\/#organization\",\"name\":\"Cartilla\",\"url\":\"https:\\\/\\\/www.cartilla.de\\\/de\\\/\",\"logo\":{\"@type\":\"ImageObject\",\"inLanguage\":\"de\",\"@id\":\"https:\\\/\\\/www.cartilla.de\\\/de\\\/#\\\/schema\\\/logo\\\/image\\\/\",\"url\":\"https:\\\/\\\/www.cartilla.de\\\/wp-content\\\/uploads\\\/2020\\\/02\\\/catalogo-cartilla.jpg\",\"contentUrl\":\"https:\\\/\\\/www.cartilla.de\\\/wp-content\\\/uploads\\\/2020\\\/02\\\/catalogo-cartilla.jpg\",\"width\":800,\"height\":800,\"caption\":\"Cartilla\"},\"image\":{\"@id\":\"https:\\\/\\\/www.cartilla.de\\\/de\\\/#\\\/schema\\\/logo\\\/image\\\/\"},\"sameAs\":[\"https:\\\/\\\/www.facebook.com\\\/cartillawallcovering\",\"https:\\\/\\\/www.instagram.com\\\/cartillawallcovering\\\/\"]}]}<\/script>\n<!-- \/ Yoast SEO plugin. -->","yoast_head_json":{"title":"PEOPLE - Muster A3 - Cartilla","robots":{"index":"index","follow":"follow","max-snippet":"max-snippet:-1","max-image-preview":"max-image-preview:large","max-video-preview":"max-video-preview:-1"},"canonical":"https:\/\/www.cartilla.de\/de\/shop\/tapetenmuster\/menschen-a3-muster\/","og_locale":"de_DE","og_type":"article","og_title":"PEOPLE - Campione A3 - Cartilla","og_description":"Questo prodotto \u00e8 un campione in formato A3. Clicca qui per andare alla pagina della carta da parati","og_url":"https:\/\/www.cartilla.de\/de\/shop\/tapetenmuster\/menschen-a3-muster\/","og_site_name":"Cartilla","article_publisher":"https:\/\/www.facebook.com\/cartillawallcovering","article_modified_time":"2021-02-05T11:49:09+00:00","og_image":[{"width":1400,"height":1108,"url":"https:\/\/www.cartilla.de\/wp-content\/uploads\/2020\/12\/campione-A3-PEOPLE-bianco.jpg","type":"image\/jpeg"}],"twitter_card":"summary_large_image","twitter_misc":{"Gesch\u00e4tzte Lesezeit":"2\u00a0Minuten"},"schema":{"@context":"https:\/\/schema.org","@graph":[{"@type":"WebPage","@id":"https:\/\/www.cartilla.de\/de\/negozio\/campioni-carta-da-parati\/people-campione-a3\/","url":"https:\/\/www.cartilla.de\/de\/negozio\/campioni-carta-da-parati\/people-campione-a3\/","name":"PEOPLE - Muster A3 - Cartilla","isPartOf":{"@id":"https:\/\/www.cartilla.de\/de\/#website"},"primaryImageOfPage":{"@id":"https:\/\/www.cartilla.de\/de\/negozio\/campioni-carta-da-parati\/people-campione-a3\/#primaryimage"},"image":{"@id":"https:\/\/www.cartilla.de\/de\/negozio\/campioni-carta-da-parati\/people-campione-a3\/#primaryimage"},"thumbnailUrl":"https:\/\/www.cartilla.de\/wp-content\/uploads\/2020\/12\/campione-A3-PEOPLE-bianco.jpg","datePublished":"2020-12-19T23:00:00+00:00","dateModified":"2021-02-05T11:49:09+00:00","breadcrumb":{"@id":"https:\/\/www.cartilla.de\/de\/negozio\/campioni-carta-da-parati\/people-campione-a3\/#breadcrumb"},"inLanguage":"de","potentialAction":[{"@type":"ReadAction","target":["https:\/\/www.cartilla.de\/de\/negozio\/campioni-carta-da-parati\/people-campione-a3\/"]}]},{"@type":"ImageObject","inLanguage":"de","@id":"https:\/\/www.cartilla.de\/de\/negozio\/campioni-carta-da-parati\/people-campione-a3\/#primaryimage","url":"https:\/\/www.cartilla.de\/wp-content\/uploads\/2020\/12\/campione-A3-PEOPLE-bianco.jpg","contentUrl":"https:\/\/www.cartilla.de\/wp-content\/uploads\/2020\/12\/campione-A3-PEOPLE-bianco.jpg","width":1400,"height":1108},{"@type":"BreadcrumbList","@id":"https:\/\/www.cartilla.de\/de\/negozio\/campioni-carta-da-parati\/people-campione-a3\/#breadcrumb","itemListElement":[{"@type":"ListItem","position":1,"name":"Home","item":"https:\/\/www.cartilla.de\/"},{"@type":"ListItem","position":2,"name":"Prodotti","item":"https:\/\/www.cartilla.de\/shop\/"},{"@type":"ListItem","position":3,"name":"PEOPLE &#8211; Campione A3"}]},{"@type":"WebSite","@id":"https:\/\/www.cartilla.de\/de\/#website","url":"https:\/\/www.cartilla.de\/de\/","name":"Cartilla","description":"Carta da parati","publisher":{"@id":"https:\/\/www.cartilla.de\/de\/#organization"},"potentialAction":[{"@type":"SearchAction","target":{"@type":"EntryPoint","urlTemplate":"https:\/\/www.cartilla.de\/de\/?s={search_term_string}"},"query-input":{"@type":"PropertyValueSpecification","valueRequired":true,"valueName":"search_term_string"}}],"inLanguage":"de"},{"@type":"Organization","@id":"https:\/\/www.cartilla.de\/de\/#organization","name":"Cartilla","url":"https:\/\/www.cartilla.de\/de\/","logo":{"@type":"ImageObject","inLanguage":"de","@id":"https:\/\/www.cartilla.de\/de\/#\/schema\/logo\/image\/","url":"https:\/\/www.cartilla.de\/wp-content\/uploads\/2020\/02\/catalogo-cartilla.jpg","contentUrl":"https:\/\/www.cartilla.de\/wp-content\/uploads\/2020\/02\/catalogo-cartilla.jpg","width":800,"height":800,"caption":"Cartilla"},"image":{"@id":"https:\/\/www.cartilla.de\/de\/#\/schema\/logo\/image\/"},"sameAs":["https:\/\/www.facebook.com\/cartillawallcovering","https:\/\/www.instagram.com\/cartillawallcovering\/"]}]}},"_links":{"self":[{"href":"https:\/\/www.cartilla.de\/de\/wp-json\/wp\/v2\/product\/29605","targetHints":{"allow":["GET"]}}],"collection":[{"href":"https:\/\/www.cartilla.de\/de\/wp-json\/wp\/v2\/product"}],"about":[{"href":"https:\/\/www.cartilla.de\/de\/wp-json\/wp\/v2\/types\/product"}],"wp:featuredmedia":[{"embeddable":true,"href":"https:\/\/www.cartilla.de\/de\/wp-json\/wp\/v2\/media\/29607"}],"wp:attachment":[{"href":"https:\/\/www.cartilla.de\/de\/wp-json\/wp\/v2\/media?parent=29605"}],"wp:term":[{"taxonomy":"product_brand","embeddable":true,"href":"https:\/\/www.cartilla.de\/de\/wp-json\/wp\/v2\/product_brand?post=29605"},{"taxonomy":"product_cat","embeddable":true,"href":"https:\/\/www.cartilla.de\/de\/wp-json\/wp\/v2\/product_cat?post=29605"},{"taxonomy":"product_tag","embeddable":true,"href":"https:\/\/www.cartilla.de\/de\/wp-json\/wp\/v2\/product_tag?post=29605"}],"curies":[{"name":"wp","href":"https:\/\/api.w.org\/{rel}","templated":true}]}}