{"id":40616,"date":"2024-12-10T13:31:19","date_gmt":"2024-12-10T12:31:19","guid":{"rendered":"https:\/\/www.cartilla.de\/?post_type=product&#038;p=40616"},"modified":"2025-02-21T11:25:12","modified_gmt":"2025-02-21T10:25:12","slug":"schwindel","status":"publish","type":"product","link":"https:\/\/www.cartilla.de\/de\/negozio\/carta-da-parati-3d\/vertigo\/","title":{"rendered":"Vertigo"},"content":{"rendered":"<div id=\"fws_69e6200eb6d55\"  data-column-margin=\"default\" data-midnight=\"dark\"  class=\"wpb_row vc_row-fluid vc_row nomob\"  style=\"padding-top: 0px; padding-bottom: 0px; \"><div class=\"row-bg-wrap\" data-bg-animation=\"none\" data-bg-animation-delay=\"\" data-bg-overlay=\"false\"><div class=\"inner-wrap row-bg-layer\" ><div class=\"row-bg viewport-desktop\"  style=\"\"><\/div><\/div><\/div><div class=\"row_col_wrap_12 col span_12 dark left\">\n\t<div  class=\"vc_col-sm-12 wpb_column column_container vc_column_container col no-extra-padding inherit_tablet inherit_phone\"  data-padding-pos=\"all\" data-has-bg-color=\"false\" data-bg-color=\"\" data-bg-opacity=\"1\" data-animation=\"\" data-delay=\"0\" >\n\t\t<div class=\"vc_column-inner\" >\n\t\t\t<div class=\"wpb_wrapper\">\n\t\t\t\t<div class=\"divider-wrap\" data-alignment=\"default\"><div style=\"height: 30px;\" class=\"divider\"><\/div><\/div>\n\t\t\t<\/div> \n\t\t<\/div>\n\t<\/div> \n<\/div><\/div>\n\t\t<div id=\"fws_69e6200eb786d\"  data-column-margin=\"default\" data-midnight=\"dark\"  class=\"wpb_row vc_row-fluid vc_row full-width-section\"  style=\"padding-top: 0px; padding-bottom: 0px; \"><div class=\"row-bg-wrap\" data-bg-animation=\"none\" data-bg-animation-delay=\"\" data-bg-overlay=\"false\"><div class=\"inner-wrap row-bg-layer\" ><div class=\"row-bg viewport-desktop using-bg-color\"  style=\"background-color: #ffffff; \"><\/div><\/div><\/div><div class=\"row_col_wrap_12 col span_12 dark left\">\n\t<div  class=\"vc_col-sm-12 wpb_column column_container vc_column_container col no-extra-padding inherit_tablet inherit_phone\"  data-padding-pos=\"all\" data-has-bg-color=\"false\" data-bg-color=\"\" data-bg-opacity=\"1\" data-animation=\"\" data-delay=\"0\" >\n\t\t<div class=\"vc_column-inner\" >\n\t\t\t<div class=\"wpb_wrapper\">\n\t\t\t\t<div id=\"fws_69e6200eb7f83\" data-midnight=\"\" data-column-margin=\"default\" class=\"wpb_row vc_row-fluid vc_row inner_row\"  style=\"\"><div class=\"row-bg-wrap\"> <div class=\"row-bg\" ><\/div> <\/div><div class=\"row_col_wrap_12_inner col span_12  left\">\n\t<div  class=\"vc_col-sm-12 wpb_column column_container vc_column_container col child_column has-animation no-extra-padding inherit_tablet inherit_phone\"   data-padding-pos=\"all\" data-has-bg-color=\"false\" data-bg-color=\"\" data-bg-opacity=\"1\" data-animation=\"fade-in-from-bottom\" data-delay=\"0\" >\n\t\t<div class=\"vc_column-inner\" >\n\t\t<div class=\"wpb_wrapper\">\n\t\t\t<div class=\"nectar-highlighted-text\" data-style=\"half_text\" data-exp=\"default\" data-using-custom-color=\"true\" data-animation-delay=\"false\" data-color=\"#00d8b2\" data-color-gradient=\"\" style=\"\"><h2>Informationen <em>N\u00fctzlich<\/em><\/h2>\n<\/div>\n<div class=\"wpb_text_column wpb_content_element\" >\n\t<div class=\"wpb_wrapper\">\n\t\t<h4 style=\"text-align: left;\">MATERIALIEN<\/h4>\n<p style=\"text-align: left;\">Wir verwenden nur hochwertige, reinigungsf\u00e4hige und abriebfeste Materialien. <a href=\"https:\/\/www.cartilla.de\/de\/materialien\/\" target=\"_blank\" rel=\"noopener\">Klicken Sie hier, um mehr \u00fcber die Materialien zu erfahren<\/a><\/p>\n<h4>MUSTER<\/h4>\n<p>Muster kann man im <strong>A3-Format<\/strong> (40\u00d730 cm).<br \/>\nDie Versandkosten betragen 15,00 \u20ac f\u00fcr das erste Musterst\u00fcck.<br \/>\nIm Fall man mehrere bestellt, kostet jedes weitere St\u00fcck 2,00 \u20ac.<br \/>\nDie Kosten der ersten Bemusterung <strong>werden bei dem Tapeteneinkauf abgezogen<\/strong>.<\/p>\n<h4>EINKAUFEN<\/h4>\n<p>Sie k\u00f6nnen direkt \u00fcber die Website oder \u00fcber die Vertriebsabteilung des Unternehmens einkaufen, indem Sie per Chat, E-Mail oder Telefon ein individuelles Angebot anfordern.<\/p>\n<h4>RATGEBER ZUM TAPEZIEREN<\/h4>\n<p>Die Anbringung von Tapeten wird von spezialisierten Tapezierern\/Tapezierern\/Dekorateuren durchgef\u00fchrt. Falls Sie keinen Ansprechpartner haben, nennen wir Ihnen qualifiziertes Personal, das Ihnen ein ma\u00dfgeschneidertes Angebot unterbreiten kann.<\/p>\n\t<\/div>\n<\/div>\n\n\n\n\n\t\t<\/div> \n\t<\/div>\n\t<\/div> \n<\/div><\/div><div class=\"divider-wrap\" data-alignment=\"default\"><div style=\"height: 35px;\" class=\"divider\"><\/div><\/div><div class=\"divider-wrap\" data-alignment=\"default\"><div style=\"height: 35px;\" class=\"divider\"><\/div><\/div>\n\t\t\t<\/div> \n\t\t<\/div>\n\t<\/div> \n<\/div><\/div>\n\t\t<div id=\"render\"  data-column-margin=\"default\" data-midnight=\"dark\"  class=\"wpb_row vc_row-fluid vc_row full-width-section\"  style=\"padding-top: 0px; padding-bottom: 0px; \"><div class=\"row-bg-wrap\" data-bg-animation=\"none\" data-bg-animation-delay=\"\" data-bg-overlay=\"false\"><div class=\"inner-wrap row-bg-layer\" ><div class=\"row-bg viewport-desktop using-bg-color\"  style=\"background-color: #f1f1f1; \"><\/div><\/div><\/div><div class=\"row_col_wrap_12 col span_12 dark left\">\n\t<div  class=\"vc_col-sm-12 wpb_column column_container vc_column_container col no-extra-padding inherit_tablet inherit_phone\"  data-padding-pos=\"all\" data-has-bg-color=\"false\" data-bg-color=\"\" data-bg-opacity=\"1\" data-animation=\"\" data-delay=\"0\" >\n\t\t<div class=\"vc_column-inner\" >\n\t\t\t<div class=\"wpb_wrapper\">\n\t\t\t\t<div id=\"fws_69e6200eb9636\" data-midnight=\"\" data-column-margin=\"default\" class=\"wpb_row vc_row-fluid vc_row inner_row\"  style=\"\"><div class=\"row-bg-wrap\"> <div class=\"row-bg\" ><\/div> <\/div><div class=\"row_col_wrap_12_inner col span_12  left\">\n\t<div  class=\"vc_col-sm-12 wpb_column column_container vc_column_container col child_column has-animation no-extra-padding inherit_tablet inherit_phone\"   data-padding-pos=\"all\" data-has-bg-color=\"false\" data-bg-color=\"\" data-bg-opacity=\"1\" data-animation=\"fade-in-from-bottom\" data-delay=\"0\" >\n\t\t<div class=\"vc_column-inner\" >\n\t\t<div class=\"wpb_wrapper\">\n\t\t\t<div class=\"divider-wrap\" data-alignment=\"default\"><div style=\"height: 30px;\" class=\"divider\"><\/div><\/div><div class=\"nectar-highlighted-text\" data-style=\"half_text\" data-exp=\"default\" data-using-custom-color=\"true\" data-animation-delay=\"false\" data-color=\"#00d8b2\" data-color-gradient=\"\" style=\"\"><h2 style=\"text-align: left\">Willst du diese Tapete an deiner Wand sehen?<\/h2>\n<\/div>\n\t\t<\/div> \n\t<\/div>\n\t<\/div> \n<\/div><\/div><div id=\"fws_69e6200eb9f99\" data-midnight=\"\" data-column-margin=\"default\" class=\"wpb_row vc_row-fluid vc_row inner_row\"  style=\"\"><div class=\"row-bg-wrap\"> <div class=\"row-bg\" ><\/div> <\/div><div class=\"row_col_wrap_12_inner col span_12  left\">\n\t<div  class=\"vc_col-sm-12 wpb_column column_container vc_column_container col child_column has-animation no-extra-padding inherit_tablet inherit_phone\"   data-padding-pos=\"all\" data-has-bg-color=\"false\" data-bg-color=\"\" data-bg-opacity=\"1\" data-animation=\"fade-in-from-bottom\" data-delay=\"0\" >\n\t\t<div class=\"vc_column-inner\" >\n\t\t<div class=\"wpb_wrapper\">\n\t\t\t\n<div class=\"wpb_text_column wpb_content_element\" >\n\t<div class=\"wpb_wrapper\">\n\t\t<p style=\"text-align: left;\">Der kostenlose Rendering-Service erm\u00f6glicht es Ihnen, das tats\u00e4chliche Rendering des Papiers an Ihrer Wand zu sehen. Alles, was Sie tun m\u00fcssen, ist <b>das Formular ausf\u00fcllen<\/b> um uns zu helfen, Ihren Geschmack und Ihre Bed\u00fcrfnisse zu verstehen. Auf diese Weise <b>k\u00f6nnen wir Ihnen alternative grafische L\u00f6sungen, die \u00fcber die angeforderten hinausgehen, sowie alle technischen Informationen zur Verf\u00fcgung stellen.<\/b><\/p>\n\t<\/div>\n<\/div>\n\n\n\n\n\t\t<\/div> \n\t<\/div>\n\t<\/div> \n<\/div><\/div><div id=\"fws_69e6200eba693\" data-midnight=\"\" data-column-margin=\"default\" class=\"wpb_row vc_row-fluid vc_row inner_row\"  style=\"\"><div class=\"row-bg-wrap\"> <div class=\"row-bg\" ><\/div> <\/div><div class=\"row_col_wrap_12_inner col span_12  left\">\n\t<div  class=\"vc_col-sm-4 wpb_column column_container vc_column_container col child_column has-animation no-extra-padding inherit_tablet inherit_phone\"   data-padding-pos=\"all\" data-has-bg-color=\"false\" data-bg-color=\"\" data-bg-opacity=\"1\" data-animation=\"fade-in-from-bottom\" data-delay=\"0\" >\n\t\t<div class=\"vc_column-inner\" >\n\t\t<div class=\"wpb_wrapper\">\n\t\t\t<div class=\"img-with-aniamtion-wrap center\" data-max-width=\"100%\" data-max-width-mobile=\"default\" data-shadow=\"none\" data-animation=\"fade-in\" >\n      <div class=\"inner\">\n        <div class=\"hover-wrap\"> \n          <div class=\"hover-wrap-inner\">\n            <img loading=\"lazy\" decoding=\"async\" class=\"img-with-animation skip-lazy\" data-delay=\"0\" height=\"432\" width=\"600\" data-animation=\"fade-in\" src=\"https:\/\/www.cartilla.de\/wp-content\/uploads\/2020\/11\/cartilla-immagine-guida-render.png\" alt=\"\" srcset=\"https:\/\/www.cartilla.de\/wp-content\/uploads\/2020\/11\/cartilla-immagine-guida-render.png 600w, https:\/\/www.cartilla.de\/wp-content\/uploads\/2020\/11\/cartilla-immagine-guida-render-300x216.png 300w\" sizes=\"auto, (max-width: 600px) 100vw, 600px\" \/>\n          <\/div>\n        <\/div>\n      <\/div>\n    <\/div>\n\t\t<\/div> \n\t<\/div>\n\t<\/div> \n\n\t<div  class=\"vc_col-sm-4 wpb_column column_container vc_column_container col child_column no-extra-padding inherit_tablet inherit_phone\"   data-padding-pos=\"all\" data-has-bg-color=\"false\" data-bg-color=\"\" data-bg-opacity=\"1\" data-animation=\"\" data-delay=\"0\" >\n\t\t<div class=\"vc_column-inner\" >\n\t\t<div class=\"wpb_wrapper\">\n\t\t\t\n\t\t<\/div> \n\t<\/div>\n\t<\/div> \n\n\t<div  class=\"vc_col-sm-4 wpb_column column_container vc_column_container col child_column no-extra-padding inherit_tablet inherit_phone\"   data-padding-pos=\"all\" data-has-bg-color=\"false\" data-bg-color=\"\" data-bg-opacity=\"1\" data-animation=\"\" data-delay=\"0\" >\n\t\t<div class=\"vc_column-inner\" >\n\t\t<div class=\"wpb_wrapper\">\n\t\t\t\n\t\t<\/div> \n\t<\/div>\n\t<\/div> \n<\/div><\/div><div class=\"divider-wrap\" data-alignment=\"default\"><div style=\"height: 30px;\" class=\"divider\"><\/div><\/div>\n\t\t\t<\/div> \n\t\t<\/div>\n\t<\/div> \n<\/div><\/div>\n\t\t<div id=\"fws_69e6200ebbc7f\"  data-column-margin=\"default\" data-midnight=\"dark\"  class=\"wpb_row vc_row-fluid vc_row\"  style=\"padding-top: 0px; padding-bottom: 0px; \"><div class=\"row-bg-wrap\" data-bg-animation=\"none\" data-bg-animation-delay=\"\" data-bg-overlay=\"false\"><div class=\"inner-wrap row-bg-layer\" ><div class=\"row-bg viewport-desktop\"  style=\"\"><\/div><\/div><\/div><div class=\"row_col_wrap_12 col span_12 dark left\">\n\t<div  class=\"vc_col-sm-12 wpb_column column_container vc_column_container col no-extra-padding inherit_tablet inherit_phone\"  data-padding-pos=\"all\" data-has-bg-color=\"false\" data-bg-color=\"\" data-bg-opacity=\"1\" data-animation=\"\" data-delay=\"0\" >\n\t\t<div class=\"vc_column-inner\" >\n\t\t\t<div class=\"wpb_wrapper\">\n\t\t\t\t<div id=\"fws_69e6200ebc222\" data-midnight=\"\" data-column-margin=\"default\" class=\"wpb_row vc_row-fluid vc_row inner_row\"  style=\"\"><div class=\"row-bg-wrap\"> <div class=\"row-bg\" ><\/div> <\/div><div class=\"row_col_wrap_12_inner col span_12  left\">\n\t<div  class=\"vc_col-sm-12 wpb_column column_container vc_column_container col child_column has-animation no-extra-padding inherit_tablet inherit_phone\"   data-padding-pos=\"all\" data-has-bg-color=\"false\" data-bg-color=\"\" data-bg-opacity=\"1\" data-animation=\"fade-in-from-bottom\" data-delay=\"0\" >\n\t\t<div class=\"vc_column-inner\" >\n\t\t<div class=\"wpb_wrapper\">\n\t\t\t<div class=\"divider-wrap\" data-alignment=\"default\"><div style=\"height: 30px;\" class=\"divider\"><\/div><\/div>\n\t\t<\/div> \n\t<\/div>\n\t<\/div> \n<\/div><\/div>\n\t\t\t<\/div> \n\t\t<\/div>\n\t<\/div> \n<\/div><\/div>","protected":false},"excerpt":{"rendered":"<p>Vertigo ist eine Tapete mit k\u00fchnen Geometrien und nat\u00fcrlichen Elementen, die zeitgen\u00f6ssische \u00c4sthetik mit der Frische der Natur verbindet und so eine einzigartige und faszinierende Atmosph\u00e4re schafft. Diese Tapete stellt eine perfekte Verschmelzung von Natur und zeitgen\u00f6ssischem Design dar, indem sie einen dreidimensionalen Effekt mit nat\u00fcrlichen Details ausbalanciert und Sie dazu einl\u00e4dt, neue \u00e4sthetische Dimensionen zu entdecken.<\/p>\n<p><a href=\"https:\/\/www.cartilla.de\/de\/shop\/tapetenmuster\/schwindel-champion-a3\/\"><b>Zum Tapetenmuster<\/b><\/a><\/p>","protected":false},"featured_media":40621,"template":"","meta":{"_acf_changed":false,"inline_featured_image":false},"product_brand":[],"product_cat":[49],"product_tag":[],"class_list":{"0":"post-40616","1":"product","2":"type-product","3":"status-publish","4":"has-post-thumbnail","6":"product_cat-carta-da-parati-3d","8":"first","9":"instock","10":"shipping-taxable","11":"purchasable","12":"product-type-variable","13":"has-default-attributes"},"acf":[],"yoast_head":"<!-- This site is optimized with the Yoast SEO plugin v27.3 - https:\/\/yoast.com\/product\/yoast-seo-wordpress\/ -->\n<title>Vertigo - Cartilla carta da parati effetto 3D con geometrie e foglie<\/title>\n<meta name=\"description\" content=\"Vertigo si identifica come wallpaper dalle geometrie audaci ed elementi naturali, unendo l\u2019estetica contemporanea alla freschezza della natura, cos\u00ec da creare un\u2019atmosfera unica e affascinante. Questa carta da parati rappresenta una fusione perfetta tra natura e design contemporaneo, bilanciando l\u2019effetto tridimensionale con dettagli naturali, invitando a esplorare nuove dimensioni estetiche.\" \/>\n<meta name=\"robots\" content=\"index, follow, max-snippet:-1, max-image-preview:large, max-video-preview:-1\" \/>\n<link rel=\"canonical\" href=\"https:\/\/www.cartilla.de\/de\/shop\/carta-da-parati-3d\/schwindel\/\" \/>\n<meta property=\"og:locale\" content=\"de_DE\" \/>\n<meta property=\"og:type\" content=\"article\" \/>\n<meta property=\"og:title\" content=\"Vertigo - carta da parati\" \/>\n<meta property=\"og:description\" content=\"Vertigo si identifica come wallpaper dalle geometrie audaci ed elementi naturali, unendo l\u2019estetica contemporanea alla freschezza della natura, cos\u00ec da creare un\u2019atmosfera unica e affascinante. Questa carta da parati rappresenta una fusione perfetta tra natura e design contemporaneo, bilanciando l\u2019effetto tridimensionale con dettagli naturali, invitando a esplorare nuove dimensioni estetiche.\" \/>\n<meta property=\"og:url\" content=\"https:\/\/www.cartilla.de\/de\/shop\/carta-da-parati-3d\/schwindel\/\" \/>\n<meta property=\"og:site_name\" content=\"Cartilla\" \/>\n<meta property=\"article:publisher\" content=\"https:\/\/www.facebook.com\/cartillawallcovering\" \/>\n<meta property=\"article:modified_time\" content=\"2025-02-21T10:25:12+00:00\" \/>\n<meta property=\"og:image\" content=\"https:\/\/www.cartilla.de\/wp-content\/uploads\/2024\/12\/carta_da_parati_vertigo_cold_soggiorno.jpg\" \/>\n\t<meta property=\"og:image:width\" content=\"1200\" \/>\n\t<meta property=\"og:image:height\" content=\"800\" \/>\n\t<meta property=\"og:image:type\" content=\"image\/jpeg\" \/>\n<meta name=\"twitter:card\" content=\"summary_large_image\" \/>\n<meta name=\"twitter:title\" content=\"Vertigo - carta da parati\" \/>\n<meta name=\"twitter:description\" content=\"Vertigo si identifica come wallpaper dalle geometrie audaci ed elementi naturali, unendo l\u2019estetica contemporanea alla freschezza della natura, cos\u00ec da creare un\u2019atmosfera unica e affascinante. Questa carta da parati rappresenta una fusione perfetta tra natura e design contemporaneo, bilanciando l\u2019effetto tridimensionale con dettagli naturali, invitando a esplorare nuove dimensioni estetiche.\" \/>\n<meta name=\"twitter:image\" content=\"https:\/\/www.cartilla.de\/wp-content\/uploads\/2024\/12\/carta_da_parati_vertigo_ivory_camera_da_letto.jpg\" \/>\n<meta name=\"twitter:label1\" content=\"Gesch\u00e4tzte Lesezeit\" \/>\n\t<meta name=\"twitter:data1\" content=\"5\u00a0Minuten\" \/>\n<script type=\"application\/ld+json\" class=\"yoast-schema-graph\">{\"@context\":\"https:\\\/\\\/schema.org\",\"@graph\":[{\"@type\":\"WebPage\",\"@id\":\"https:\\\/\\\/www.cartilla.de\\\/de\\\/negozio\\\/carta-da-parati-3d\\\/vertigo\\\/\",\"url\":\"https:\\\/\\\/www.cartilla.de\\\/de\\\/negozio\\\/carta-da-parati-3d\\\/vertigo\\\/\",\"name\":\"Vertigo - Cartilla carta da parati effetto 3D con geometrie e foglie\",\"isPartOf\":{\"@id\":\"https:\\\/\\\/www.cartilla.de\\\/de\\\/#website\"},\"primaryImageOfPage\":{\"@id\":\"https:\\\/\\\/www.cartilla.de\\\/de\\\/negozio\\\/carta-da-parati-3d\\\/vertigo\\\/#primaryimage\"},\"image\":{\"@id\":\"https:\\\/\\\/www.cartilla.de\\\/de\\\/negozio\\\/carta-da-parati-3d\\\/vertigo\\\/#primaryimage\"},\"thumbnailUrl\":\"https:\\\/\\\/www.cartilla.de\\\/wp-content\\\/uploads\\\/2024\\\/12\\\/carta_da_parati_vertigo_grey_living.jpg\",\"datePublished\":\"2024-12-10T12:31:19+00:00\",\"dateModified\":\"2025-02-21T10:25:12+00:00\",\"description\":\"Vertigo si identifica come wallpaper dalle geometrie audaci ed elementi naturali, unendo l\u2019estetica contemporanea alla freschezza della natura, cos\u00ec da creare un\u2019atmosfera unica e affascinante. Questa carta da parati rappresenta una fusione perfetta tra natura e design contemporaneo, bilanciando l\u2019effetto tridimensionale con dettagli naturali, invitando a esplorare nuove dimensioni estetiche.\",\"breadcrumb\":{\"@id\":\"https:\\\/\\\/www.cartilla.de\\\/de\\\/negozio\\\/carta-da-parati-3d\\\/vertigo\\\/#breadcrumb\"},\"inLanguage\":\"de\",\"potentialAction\":[{\"@type\":\"ReadAction\",\"target\":[\"https:\\\/\\\/www.cartilla.de\\\/de\\\/negozio\\\/carta-da-parati-3d\\\/vertigo\\\/\"]}]},{\"@type\":\"ImageObject\",\"inLanguage\":\"de\",\"@id\":\"https:\\\/\\\/www.cartilla.de\\\/de\\\/negozio\\\/carta-da-parati-3d\\\/vertigo\\\/#primaryimage\",\"url\":\"https:\\\/\\\/www.cartilla.de\\\/wp-content\\\/uploads\\\/2024\\\/12\\\/carta_da_parati_vertigo_grey_living.jpg\",\"contentUrl\":\"https:\\\/\\\/www.cartilla.de\\\/wp-content\\\/uploads\\\/2024\\\/12\\\/carta_da_parati_vertigo_grey_living.jpg\",\"width\":1200,\"height\":800},{\"@type\":\"BreadcrumbList\",\"@id\":\"https:\\\/\\\/www.cartilla.de\\\/de\\\/negozio\\\/carta-da-parati-3d\\\/vertigo\\\/#breadcrumb\",\"itemListElement\":[{\"@type\":\"ListItem\",\"position\":1,\"name\":\"Home\",\"item\":\"https:\\\/\\\/www.cartilla.de\\\/\"},{\"@type\":\"ListItem\",\"position\":2,\"name\":\"Prodotti\",\"item\":\"https:\\\/\\\/www.cartilla.de\\\/shop\\\/\"},{\"@type\":\"ListItem\",\"position\":3,\"name\":\"Vertigo\"}]},{\"@type\":\"WebSite\",\"@id\":\"https:\\\/\\\/www.cartilla.de\\\/de\\\/#website\",\"url\":\"https:\\\/\\\/www.cartilla.de\\\/de\\\/\",\"name\":\"Cartilla\",\"description\":\"Carta da parati\",\"publisher\":{\"@id\":\"https:\\\/\\\/www.cartilla.de\\\/de\\\/#organization\"},\"potentialAction\":[{\"@type\":\"SearchAction\",\"target\":{\"@type\":\"EntryPoint\",\"urlTemplate\":\"https:\\\/\\\/www.cartilla.de\\\/de\\\/?s={search_term_string}\"},\"query-input\":{\"@type\":\"PropertyValueSpecification\",\"valueRequired\":true,\"valueName\":\"search_term_string\"}}],\"inLanguage\":\"de\"},{\"@type\":\"Organization\",\"@id\":\"https:\\\/\\\/www.cartilla.de\\\/de\\\/#organization\",\"name\":\"Cartilla\",\"url\":\"https:\\\/\\\/www.cartilla.de\\\/de\\\/\",\"logo\":{\"@type\":\"ImageObject\",\"inLanguage\":\"de\",\"@id\":\"https:\\\/\\\/www.cartilla.de\\\/de\\\/#\\\/schema\\\/logo\\\/image\\\/\",\"url\":\"https:\\\/\\\/www.cartilla.de\\\/wp-content\\\/uploads\\\/2020\\\/02\\\/catalogo-cartilla.jpg\",\"contentUrl\":\"https:\\\/\\\/www.cartilla.de\\\/wp-content\\\/uploads\\\/2020\\\/02\\\/catalogo-cartilla.jpg\",\"width\":800,\"height\":800,\"caption\":\"Cartilla\"},\"image\":{\"@id\":\"https:\\\/\\\/www.cartilla.de\\\/de\\\/#\\\/schema\\\/logo\\\/image\\\/\"},\"sameAs\":[\"https:\\\/\\\/www.facebook.com\\\/cartillawallcovering\",\"https:\\\/\\\/www.instagram.com\\\/cartillawallcovering\\\/\"]}]}<\/script>\n<!-- \/ Yoast SEO plugin. -->","yoast_head_json":{"title":"Vertigo - Cartilla 3D-Effekt Tapete mit geometrischen Mustern und Bl\u00e4ttern","description":"Vertigo ist eine Tapete mit k\u00fchnen Geometrien und nat\u00fcrlichen Elementen, die zeitgen\u00f6ssische \u00c4sthetik mit der Frische der Natur verbindet und so eine einzigartige und faszinierende Atmosph\u00e4re schafft. Diese Tapete stellt eine perfekte Verschmelzung von Natur und zeitgen\u00f6ssischem Design dar, indem sie einen dreidimensionalen Effekt mit nat\u00fcrlichen Details ausbalanciert und Sie dazu einl\u00e4dt, neue \u00e4sthetische Dimensionen zu entdecken.","robots":{"index":"index","follow":"follow","max-snippet":"max-snippet:-1","max-image-preview":"max-image-preview:large","max-video-preview":"max-video-preview:-1"},"canonical":"https:\/\/www.cartilla.de\/de\/shop\/carta-da-parati-3d\/schwindel\/","og_locale":"de_DE","og_type":"article","og_title":"Vertigo - carta da parati","og_description":"Vertigo si identifica come wallpaper dalle geometrie audaci ed elementi naturali, unendo l\u2019estetica contemporanea alla freschezza della natura, cos\u00ec da creare un\u2019atmosfera unica e affascinante. Questa carta da parati rappresenta una fusione perfetta tra natura e design contemporaneo, bilanciando l\u2019effetto tridimensionale con dettagli naturali, invitando a esplorare nuove dimensioni estetiche.","og_url":"https:\/\/www.cartilla.de\/de\/shop\/carta-da-parati-3d\/schwindel\/","og_site_name":"Cartilla","article_publisher":"https:\/\/www.facebook.com\/cartillawallcovering","article_modified_time":"2025-02-21T10:25:12+00:00","og_image":[{"width":1200,"height":800,"url":"https:\/\/www.cartilla.de\/wp-content\/uploads\/2024\/12\/carta_da_parati_vertigo_cold_soggiorno.jpg","type":"image\/jpeg"}],"twitter_card":"summary_large_image","twitter_title":"Vertigo - carta da parati","twitter_description":"Vertigo si identifica come wallpaper dalle geometrie audaci ed elementi naturali, unendo l\u2019estetica contemporanea alla freschezza della natura, cos\u00ec da creare un\u2019atmosfera unica e affascinante. Questa carta da parati rappresenta una fusione perfetta tra natura e design contemporaneo, bilanciando l\u2019effetto tridimensionale con dettagli naturali, invitando a esplorare nuove dimensioni estetiche.","twitter_image":"https:\/\/www.cartilla.de\/wp-content\/uploads\/2024\/12\/carta_da_parati_vertigo_ivory_camera_da_letto.jpg","twitter_misc":{"Gesch\u00e4tzte Lesezeit":"5\u00a0Minuten"},"schema":{"@context":"https:\/\/schema.org","@graph":[{"@type":"WebPage","@id":"https:\/\/www.cartilla.de\/de\/negozio\/carta-da-parati-3d\/vertigo\/","url":"https:\/\/www.cartilla.de\/de\/negozio\/carta-da-parati-3d\/vertigo\/","name":"Vertigo - Cartilla 3D-Effekt Tapete mit geometrischen Mustern und Bl\u00e4ttern","isPartOf":{"@id":"https:\/\/www.cartilla.de\/de\/#website"},"primaryImageOfPage":{"@id":"https:\/\/www.cartilla.de\/de\/negozio\/carta-da-parati-3d\/vertigo\/#primaryimage"},"image":{"@id":"https:\/\/www.cartilla.de\/de\/negozio\/carta-da-parati-3d\/vertigo\/#primaryimage"},"thumbnailUrl":"https:\/\/www.cartilla.de\/wp-content\/uploads\/2024\/12\/carta_da_parati_vertigo_grey_living.jpg","datePublished":"2024-12-10T12:31:19+00:00","dateModified":"2025-02-21T10:25:12+00:00","description":"Vertigo ist eine Tapete mit k\u00fchnen Geometrien und nat\u00fcrlichen Elementen, die zeitgen\u00f6ssische \u00c4sthetik mit der Frische der Natur verbindet und so eine einzigartige und faszinierende Atmosph\u00e4re schafft. Diese Tapete stellt eine perfekte Verschmelzung von Natur und zeitgen\u00f6ssischem Design dar, indem sie einen dreidimensionalen Effekt mit nat\u00fcrlichen Details ausbalanciert und Sie dazu einl\u00e4dt, neue \u00e4sthetische Dimensionen zu entdecken.","breadcrumb":{"@id":"https:\/\/www.cartilla.de\/de\/negozio\/carta-da-parati-3d\/vertigo\/#breadcrumb"},"inLanguage":"de","potentialAction":[{"@type":"ReadAction","target":["https:\/\/www.cartilla.de\/de\/negozio\/carta-da-parati-3d\/vertigo\/"]}]},{"@type":"ImageObject","inLanguage":"de","@id":"https:\/\/www.cartilla.de\/de\/negozio\/carta-da-parati-3d\/vertigo\/#primaryimage","url":"https:\/\/www.cartilla.de\/wp-content\/uploads\/2024\/12\/carta_da_parati_vertigo_grey_living.jpg","contentUrl":"https:\/\/www.cartilla.de\/wp-content\/uploads\/2024\/12\/carta_da_parati_vertigo_grey_living.jpg","width":1200,"height":800},{"@type":"BreadcrumbList","@id":"https:\/\/www.cartilla.de\/de\/negozio\/carta-da-parati-3d\/vertigo\/#breadcrumb","itemListElement":[{"@type":"ListItem","position":1,"name":"Home","item":"https:\/\/www.cartilla.de\/"},{"@type":"ListItem","position":2,"name":"Prodotti","item":"https:\/\/www.cartilla.de\/shop\/"},{"@type":"ListItem","position":3,"name":"Vertigo"}]},{"@type":"WebSite","@id":"https:\/\/www.cartilla.de\/de\/#website","url":"https:\/\/www.cartilla.de\/de\/","name":"Cartilla","description":"Carta da parati","publisher":{"@id":"https:\/\/www.cartilla.de\/de\/#organization"},"potentialAction":[{"@type":"SearchAction","target":{"@type":"EntryPoint","urlTemplate":"https:\/\/www.cartilla.de\/de\/?s={search_term_string}"},"query-input":{"@type":"PropertyValueSpecification","valueRequired":true,"valueName":"search_term_string"}}],"inLanguage":"de"},{"@type":"Organization","@id":"https:\/\/www.cartilla.de\/de\/#organization","name":"Cartilla","url":"https:\/\/www.cartilla.de\/de\/","logo":{"@type":"ImageObject","inLanguage":"de","@id":"https:\/\/www.cartilla.de\/de\/#\/schema\/logo\/image\/","url":"https:\/\/www.cartilla.de\/wp-content\/uploads\/2020\/02\/catalogo-cartilla.jpg","contentUrl":"https:\/\/www.cartilla.de\/wp-content\/uploads\/2020\/02\/catalogo-cartilla.jpg","width":800,"height":800,"caption":"Cartilla"},"image":{"@id":"https:\/\/www.cartilla.de\/de\/#\/schema\/logo\/image\/"},"sameAs":["https:\/\/www.facebook.com\/cartillawallcovering","https:\/\/www.instagram.com\/cartillawallcovering\/"]}]}},"_links":{"self":[{"href":"https:\/\/www.cartilla.de\/de\/wp-json\/wp\/v2\/product\/40616","targetHints":{"allow":["GET"]}}],"collection":[{"href":"https:\/\/www.cartilla.de\/de\/wp-json\/wp\/v2\/product"}],"about":[{"href":"https:\/\/www.cartilla.de\/de\/wp-json\/wp\/v2\/types\/product"}],"wp:featuredmedia":[{"embeddable":true,"href":"https:\/\/www.cartilla.de\/de\/wp-json\/wp\/v2\/media\/40621"}],"wp:attachment":[{"href":"https:\/\/www.cartilla.de\/de\/wp-json\/wp\/v2\/media?parent=40616"}],"wp:term":[{"taxonomy":"product_brand","embeddable":true,"href":"https:\/\/www.cartilla.de\/de\/wp-json\/wp\/v2\/product_brand?post=40616"},{"taxonomy":"product_cat","embeddable":true,"href":"https:\/\/www.cartilla.de\/de\/wp-json\/wp\/v2\/product_cat?post=40616"},{"taxonomy":"product_tag","embeddable":true,"href":"https:\/\/www.cartilla.de\/de\/wp-json\/wp\/v2\/product_tag?post=40616"}],"curies":[{"name":"wp","href":"https:\/\/api.w.org\/{rel}","templated":true}]}}