{"id":8392,"date":"2019-12-05T18:11:05","date_gmt":"2019-12-05T17:11:05","guid":{"rendered":"https:\/\/www.cartilla.de\/?post_type=product&#038;p=8392"},"modified":"2024-09-05T11:05:57","modified_gmt":"2024-09-05T09:05:57","slug":"arpeggio","status":"publish","type":"product","link":"https:\/\/www.cartilla.de\/de\/negozio\/vintage\/arpeggio\/","title":{"rendered":"Arpeggio"},"content":{"rendered":"\n\t\t<div id=\"fws_69e62320e0fda\"  data-column-margin=\"default\" data-midnight=\"dark\"  class=\"wpb_row vc_row-fluid vc_row nomob\"  style=\"padding-top: 0px; padding-bottom: 0px; \"><div class=\"row-bg-wrap\" data-bg-animation=\"none\" data-bg-animation-delay=\"\" data-bg-overlay=\"false\"><div class=\"inner-wrap row-bg-layer\" ><div class=\"row-bg viewport-desktop\"  style=\"\"><\/div><\/div><\/div><div class=\"row_col_wrap_12 col span_12 dark left\">\n\t<div  class=\"vc_col-sm-12 wpb_column column_container vc_column_container col no-extra-padding\"  data-padding-pos=\"all\" data-has-bg-color=\"false\" data-bg-color=\"\" data-bg-opacity=\"1\" data-animation=\"\" data-delay=\"0\" >\n\t\t<div class=\"vc_column-inner\" >\n\t\t\t<div class=\"wpb_wrapper\">\n\t\t\t\t<div class=\"divider-wrap\" data-alignment=\"default\"><div style=\"height: 30px;\" class=\"divider\"><\/div><\/div>\n\t\t\t<\/div> \n\t\t<\/div>\n\t<\/div> \n<\/div><\/div>\n\t\t<div id=\"fws_69e62320e1b16\"  data-column-margin=\"default\" data-midnight=\"dark\"  class=\"wpb_row vc_row-fluid vc_row full-width-section\"  style=\"padding-top: 0px; padding-bottom: 0px; \"><div class=\"row-bg-wrap\" data-bg-animation=\"none\" data-bg-animation-delay=\"\" data-bg-overlay=\"false\"><div class=\"inner-wrap row-bg-layer\" ><div class=\"row-bg viewport-desktop using-bg-color\"  style=\"background-color: #ffffff; \"><\/div><\/div><\/div><div class=\"row_col_wrap_12 col span_12 dark left\">\n\t<div  class=\"vc_col-sm-12 wpb_column column_container vc_column_container col no-extra-padding\"  data-padding-pos=\"all\" data-has-bg-color=\"false\" data-bg-color=\"\" data-bg-opacity=\"1\" data-animation=\"\" data-delay=\"0\" >\n\t\t<div class=\"vc_column-inner\" >\n\t\t\t<div class=\"wpb_wrapper\">\n\t\t\t\t<div id=\"fws_69e62320e223c\" data-midnight=\"\" data-column-margin=\"default\" class=\"wpb_row vc_row-fluid vc_row inner_row\"  style=\"\"><div class=\"row-bg-wrap\"> <div class=\"row-bg\" ><\/div> <\/div><div class=\"row_col_wrap_12_inner col span_12  left\">\n\t<div  class=\"vc_col-sm-12 wpb_column column_container vc_column_container col child_column has-animation no-extra-padding\"   data-padding-pos=\"all\" data-has-bg-color=\"false\" data-bg-color=\"\" data-bg-opacity=\"1\" data-animation=\"fade-in-from-bottom\" data-delay=\"0\" >\n\t\t<div class=\"vc_column-inner\" >\n\t\t<div class=\"wpb_wrapper\">\n\t\t\t<div class=\"nectar-highlighted-text\" data-style=\"half_text\" data-exp=\"default\" data-using-custom-color=\"true\" data-animation-delay=\"false\" data-color=\"#00d8b2\" data-color-gradient=\"\" style=\"\"><h2>Informazioni <em>Utili<\/em><\/h2>\n<\/div>\n<div class=\"wpb_text_column wpb_content_element \" >\n\t<div class=\"wpb_wrapper\">\n\t\t<h4 style=\"text-align: left;\">MATERIALI<\/h4>\n<p style=\"text-align: left;\">La nostra azienda utilizza solo materiali di pregio, adatti alla pulizia e resistenti alle abrasioni. <a href=\"https:\/\/www.cartilla.de\/materiali\/\" target=\"_blank\" rel=\"noopener\">Clicca qui per leggere maggiori informazioni relative ai materiali<\/a><\/p>\n<h4>CAMPIONI<\/h4>\n<p>\u00c8 possibile richiedere i campioni della carte in <strong>formato A3<\/strong> (40&#215;30 cm).<br \/>\nIl costo di spedizione del campione \u00e8 di \u20ac15,00 per il primo pezzo.<br \/>\nNel caso in cui si vogliano visionare pi\u00f9 campioni il costo di ogni pezzo aggiuntivo \u00e8 di \u20ac 2,00.<br \/>\nIl costo della prima campionatura <strong>viene reso in caso di acquisto<\/strong>.<\/p>\n<h4>MODALIT\u00c0 DI ACQUISTO<\/h4>\n<p>\u00c8 possibile acquistare direttamente dal sito o attraverso il servizio commerciale aziendale richiedendo un preventivo personalizzato via chat, mail, telefonicamente.<\/p>\n<h4>SERVIZIO POSA<\/h4>\n<p>L\u2019installazione della carta da parati viene eseguita da tappezzieri\/imbianchini\/cartongessisti specializzati. Nel caso in cui non abbiate una figura di riferimento vi forniremo i nominativi di personale qualificato in grado di proporvi un preventivo d&#8217;installazione su misura.<\/p>\n\t<\/div>\n<\/div>\n\n\n\n\n\t\t<\/div> \n\t<\/div>\n\t<\/div> \n<\/div><\/div><div class=\"divider-wrap\" data-alignment=\"default\"><div style=\"height: 35px;\" class=\"divider\"><\/div><\/div><div class=\"divider-wrap\" data-alignment=\"default\"><div style=\"height: 35px;\" class=\"divider\"><\/div><\/div>\n\t\t\t<\/div> \n\t\t<\/div>\n\t<\/div> \n<\/div><\/div>\n\t\t<div id=\"render\"  data-column-margin=\"default\" data-midnight=\"dark\"  class=\"wpb_row vc_row-fluid vc_row full-width-section\"  style=\"padding-top: 0px; padding-bottom: 0px; \"><div class=\"row-bg-wrap\" data-bg-animation=\"none\" data-bg-animation-delay=\"\" data-bg-overlay=\"false\"><div class=\"inner-wrap row-bg-layer\" ><div class=\"row-bg viewport-desktop using-bg-color\"  style=\"background-color: #f1f1f1; \"><\/div><\/div><\/div><div class=\"row_col_wrap_12 col span_12 dark left\">\n\t<div  class=\"vc_col-sm-12 wpb_column column_container vc_column_container col no-extra-padding\"  data-padding-pos=\"all\" data-has-bg-color=\"false\" data-bg-color=\"\" data-bg-opacity=\"1\" data-animation=\"\" data-delay=\"0\" >\n\t\t<div class=\"vc_column-inner\" >\n\t\t\t<div class=\"wpb_wrapper\">\n\t\t\t\t<div id=\"fws_69e62320e38f3\" data-midnight=\"\" data-column-margin=\"default\" class=\"wpb_row vc_row-fluid vc_row inner_row\"  style=\"\"><div class=\"row-bg-wrap\"> <div class=\"row-bg\" ><\/div> <\/div><div class=\"row_col_wrap_12_inner col span_12  left\">\n\t<div  class=\"vc_col-sm-12 wpb_column column_container vc_column_container col child_column has-animation no-extra-padding\"   data-padding-pos=\"all\" data-has-bg-color=\"false\" data-bg-color=\"\" data-bg-opacity=\"1\" data-animation=\"fade-in-from-bottom\" data-delay=\"0\" >\n\t\t<div class=\"vc_column-inner\" >\n\t\t<div class=\"wpb_wrapper\">\n\t\t\t<div class=\"divider-wrap\" data-alignment=\"default\"><div style=\"height: 30px;\" class=\"divider\"><\/div><\/div><div class=\"nectar-highlighted-text\" data-style=\"half_text\" data-exp=\"default\" data-using-custom-color=\"true\" data-animation-delay=\"false\" data-color=\"#00d8b2\" data-color-gradient=\"\" style=\"\"><h2 style=\"text-align: left\">Vuoi vedere questa carta da parati sulla tua parete?<\/h2>\n<\/div>\n\t\t<\/div> \n\t<\/div>\n\t<\/div> \n<\/div><\/div><div id=\"fws_69e62320e4231\" data-midnight=\"\" data-column-margin=\"default\" class=\"wpb_row vc_row-fluid vc_row inner_row\"  style=\"\"><div class=\"row-bg-wrap\"> <div class=\"row-bg\" ><\/div> <\/div><div class=\"row_col_wrap_12_inner col span_12  left\">\n\t<div  class=\"vc_col-sm-12 wpb_column column_container vc_column_container col child_column has-animation no-extra-padding\"   data-padding-pos=\"all\" data-has-bg-color=\"false\" data-bg-color=\"\" data-bg-opacity=\"1\" data-animation=\"fade-in-from-bottom\" data-delay=\"0\" >\n\t\t<div class=\"vc_column-inner\" >\n\t\t<div class=\"wpb_wrapper\">\n\t\t\t\n<div class=\"wpb_text_column wpb_content_element \" >\n\t<div class=\"wpb_wrapper\">\n\t\t<p style=\"text-align: left;\">Il servizio di rendering gratuito vi consente di visionare l\u2019effettiva resa della carta montata sulla vostra parete. Vi baster\u00e0 <b>compilare il form<\/b> per aiutarci a capire il vostro gusto e necessit\u00e0. In questo modo <b>saremo in grado di fornirvi soluzioni grafiche alternative oltre quella richiesta ed eventuali informazioni tecniche.<\/b><\/p>\n\t<\/div>\n<\/div>\n\n\n\n\n\t\t<\/div> \n\t<\/div>\n\t<\/div> \n<\/div><\/div><div id=\"fws_69e62320e4946\" data-midnight=\"\" data-column-margin=\"default\" class=\"wpb_row vc_row-fluid vc_row inner_row\"  style=\"\"><div class=\"row-bg-wrap\"> <div class=\"row-bg\" ><\/div> <\/div><div class=\"row_col_wrap_12_inner col span_12  left\">\n\t<div  class=\"vc_col-sm-4 wpb_column column_container vc_column_container col child_column has-animation no-extra-padding\"   data-padding-pos=\"all\" data-has-bg-color=\"false\" data-bg-color=\"\" data-bg-opacity=\"1\" data-animation=\"fade-in-from-bottom\" data-delay=\"0\" >\n\t\t<div class=\"vc_column-inner\" >\n\t\t<div class=\"wpb_wrapper\">\n\t\t\t<div class=\"img-with-aniamtion-wrap center\" data-max-width=\"100%\" data-max-width-mobile=\"100%\" data-shadow=\"none\" data-animation=\"fade-in\" >\n      <div class=\"inner\">\n        <div class=\"hover-wrap\"> \n          <div class=\"hover-wrap-inner\">\n            <img loading=\"lazy\" decoding=\"async\" class=\"img-with-animation skip-lazy\" data-delay=\"0\" height=\"432\" width=\"600\" data-animation=\"fade-in\" src=\"https:\/\/www.cartilla.de\/wp-content\/uploads\/2020\/11\/cartilla-immagine-guida-render.png\" alt=\"\" srcset=\"https:\/\/www.cartilla.de\/wp-content\/uploads\/2020\/11\/cartilla-immagine-guida-render.png 600w, https:\/\/www.cartilla.de\/wp-content\/uploads\/2020\/11\/cartilla-immagine-guida-render-300x216.png 300w\" sizes=\"auto, (max-width: 600px) 100vw, 600px\" \/>\n          <\/div>\n        <\/div>\n      <\/div>\n    <\/div>\n\t\t<\/div> \n\t<\/div>\n\t<\/div> \n\n\t<div  class=\"vc_col-sm-4 wpb_column column_container vc_column_container col child_column no-extra-padding\"   data-padding-pos=\"all\" data-has-bg-color=\"false\" data-bg-color=\"\" data-bg-opacity=\"1\" data-animation=\"\" data-delay=\"0\" >\n\t\t<div class=\"vc_column-inner\" >\n\t\t<div class=\"wpb_wrapper\">\n\t\t\t\n\t\t<\/div> \n\t<\/div>\n\t<\/div> \n\n\t<div  class=\"vc_col-sm-4 wpb_column column_container vc_column_container col child_column no-extra-padding\"   data-padding-pos=\"all\" data-has-bg-color=\"false\" data-bg-color=\"\" data-bg-opacity=\"1\" data-animation=\"\" data-delay=\"0\" >\n\t\t<div class=\"vc_column-inner\" >\n\t\t<div class=\"wpb_wrapper\">\n\t\t\t\n\t\t<\/div> \n\t<\/div>\n\t<\/div> \n<\/div><\/div><div class=\"divider-wrap\" data-alignment=\"default\"><div style=\"height: 30px;\" class=\"divider\"><\/div><\/div>\n\t\t\t<\/div> \n\t\t<\/div>\n\t<\/div> \n<\/div><\/div>\n\t\t<div id=\"fws_69e62320e5f7c\"  data-column-margin=\"default\" data-midnight=\"dark\"  class=\"wpb_row vc_row-fluid vc_row\"  style=\"padding-top: 0px; padding-bottom: 0px; \"><div class=\"row-bg-wrap\" data-bg-animation=\"none\" data-bg-animation-delay=\"\" data-bg-overlay=\"false\"><div class=\"inner-wrap row-bg-layer\" ><div class=\"row-bg viewport-desktop\"  style=\"\"><\/div><\/div><\/div><div class=\"row_col_wrap_12 col span_12 dark left\">\n\t<div  class=\"vc_col-sm-12 wpb_column column_container vc_column_container col no-extra-padding\"  data-padding-pos=\"all\" data-has-bg-color=\"false\" data-bg-color=\"\" data-bg-opacity=\"1\" data-animation=\"\" data-delay=\"0\" >\n\t\t<div class=\"vc_column-inner\" >\n\t\t\t<div class=\"wpb_wrapper\">\n\t\t\t\t<div id=\"fws_69e62320e6533\" data-midnight=\"\" data-column-margin=\"default\" class=\"wpb_row vc_row-fluid vc_row inner_row\"  style=\"\"><div class=\"row-bg-wrap\"> <div class=\"row-bg\" ><\/div> <\/div><div class=\"row_col_wrap_12_inner col span_12  left\">\n\t<div  class=\"vc_col-sm-12 wpb_column column_container vc_column_container col child_column has-animation no-extra-padding\"   data-padding-pos=\"all\" data-has-bg-color=\"false\" data-bg-color=\"\" data-bg-opacity=\"1\" data-animation=\"fade-in-from-bottom\" data-delay=\"0\" >\n\t\t<div class=\"vc_column-inner\" >\n\t\t<div class=\"wpb_wrapper\">\n\t\t\t<div class=\"divider-wrap\" data-alignment=\"default\"><div style=\"height: 30px;\" class=\"divider\"><\/div><\/div>[gravityform id=&#8221;1&#8243; title=&#8221;false&#8221; description=&#8221;false&#8221; ajax=&#8221;true&#8221;]\n\t\t<\/div> \n\t<\/div>\n\t<\/div> \n<\/div><\/div>\n\t\t\t<\/div> \n\t\t<\/div>\n\t<\/div> \n<\/div><\/div>\n","protected":false},"excerpt":{"rendered":"<p>Geometrien, dekoratives Blattwerk, Hell-Dunkel-Schichten: alles tr\u00e4gt dazu bei, eine \u00c4sthetik von gro\u00dfer visueller Wirkung zu schaffen, die durch ged\u00e4mpfte T\u00f6ne gemildert wird und sich harmonisch in jedes Interieur einf\u00fcgt. Eine Tapete, die sich nicht nur f\u00fcr Wohn- und Arbeitsr\u00e4ume, sondern auch f\u00fcr Flure, Nischen und Durchg\u00e4nge eignet.<\/p>\n<p class=\"p1\">M\u00f6chten Sie ein Muster dieses Produkts im A3-Format erwerben?<\/p>\n<p class=\"p1\"><a href=\"https:\/\/www.cartilla.de\/de\/shop\/tapetenmuster\/arpeggio-beispiel-a3\/\"><b>Zum Tapetenmuster<span class=\"Apple-converted-space\">\u00a0<\/span><\/b><\/a><\/p>\n<p><a href=\"#render\"><button class=\"cta_render\">Kostenloses Rendering anfordern<\/button><\/a><\/p>","protected":false},"featured_media":8388,"template":"","meta":{"_acf_changed":false,"inline_featured_image":false},"product_brand":[],"product_cat":[52],"product_tag":[],"class_list":{"0":"post-8392","1":"product","2":"type-product","3":"status-publish","4":"has-post-thumbnail","6":"product_cat-vintage","8":"first","9":"instock","10":"shipping-taxable","11":"purchasable","12":"product-type-variable","13":"has-default-attributes"},"acf":[],"yoast_head":"<!-- This site is optimized with the Yoast SEO plugin v27.3 - https:\/\/yoast.com\/product\/yoast-seo-wordpress\/ -->\n<title>Arpeggio - Cartilla carta da parati vintage con geometrie e foliage<\/title>\n<meta name=\"description\" content=\"Geometrie, foliage decorativi, layering in chiaro\/scuro: tutto concorre a creare un\u2019estetica di grande impatto visivo, stemperata da toni soffusi che sapranno legarsi armonicamente a ogni interno. Una carta da parati adatta non solo a spazi domestici e professionali, ma anche a corridoi, nicchie e zone di passaggio.\" \/>\n<meta name=\"robots\" content=\"index, follow, max-snippet:-1, max-image-preview:large, max-video-preview:-1\" \/>\n<link rel=\"canonical\" href=\"https:\/\/www.cartilla.de\/de\/shop\/jahrgang\/arpeggio\/\" \/>\n<meta property=\"og:locale\" content=\"de_DE\" \/>\n<meta property=\"og:type\" content=\"article\" \/>\n<meta property=\"og:title\" content=\"Arpeggio carta da parati per ambienti comuni o di passaggio\" \/>\n<meta property=\"og:description\" content=\"Geometrie, foliage decorativi, layering in chiaro\/scuro: tutto concorre a creare un\u2019estetica di grande impatto visivo, stemperata da toni soffusi che sapranno legarsi armonicamente a ogni interno. Una carta da parati adatta non solo a spazi domestici e professionali, ma anche a corridoi, nicchie e zone di passaggio.\" \/>\n<meta property=\"og:url\" content=\"https:\/\/www.cartilla.de\/de\/shop\/jahrgang\/arpeggio\/\" \/>\n<meta property=\"og:site_name\" content=\"Cartilla\" \/>\n<meta property=\"article:publisher\" content=\"https:\/\/www.facebook.com\/cartillawallcovering\" \/>\n<meta property=\"article:modified_time\" content=\"2024-09-05T09:05:57+00:00\" \/>\n<meta property=\"og:image\" content=\"https:\/\/www.cartilla.de\/wp-content\/uploads\/2019\/12\/Arpeggio_blu_ambiente_con_carta_da_parati.jpg\" \/>\n\t<meta property=\"og:image:width\" content=\"1860\" \/>\n\t<meta property=\"og:image:height\" content=\"1240\" \/>\n\t<meta property=\"og:image:type\" content=\"image\/jpeg\" \/>\n<meta name=\"twitter:card\" content=\"summary_large_image\" \/>\n<meta name=\"twitter:title\" content=\"Arpeggio carta da parati per ambienti domestici e professionali\" \/>\n<meta name=\"twitter:description\" content=\"Geometrie, foliage decorativi, layering in chiaro\/scuro: tutto concorre a creare un\u2019estetica di grande impatto visivo, stemperata da toni soffusi che sapranno legarsi armonicamente a ogni interno. Una carta da parati adatta non solo a spazi domestici e professionali, ma anche a corridoi, nicchie e zone di passaggio.\" \/>\n<meta name=\"twitter:image\" content=\"https:\/\/www.cartilla.de\/wp-content\/uploads\/2019\/12\/Arpeggio_blu_ambiente_con_carta_da_parati.jpg\" \/>\n<meta name=\"twitter:label1\" content=\"Gesch\u00e4tzte Lesezeit\" \/>\n\t<meta name=\"twitter:data1\" content=\"3\u00a0Minuten\" \/>\n<script type=\"application\/ld+json\" class=\"yoast-schema-graph\">{\"@context\":\"https:\\\/\\\/schema.org\",\"@graph\":[{\"@type\":\"WebPage\",\"@id\":\"https:\\\/\\\/www.cartilla.de\\\/de\\\/negozio\\\/vintage\\\/arpeggio\\\/\",\"url\":\"https:\\\/\\\/www.cartilla.de\\\/de\\\/negozio\\\/vintage\\\/arpeggio\\\/\",\"name\":\"Arpeggio - Cartilla carta da parati vintage con geometrie e foliage\",\"isPartOf\":{\"@id\":\"https:\\\/\\\/www.cartilla.de\\\/de\\\/#website\"},\"primaryImageOfPage\":{\"@id\":\"https:\\\/\\\/www.cartilla.de\\\/de\\\/negozio\\\/vintage\\\/arpeggio\\\/#primaryimage\"},\"image\":{\"@id\":\"https:\\\/\\\/www.cartilla.de\\\/de\\\/negozio\\\/vintage\\\/arpeggio\\\/#primaryimage\"},\"thumbnailUrl\":\"https:\\\/\\\/www.cartilla.de\\\/wp-content\\\/uploads\\\/2019\\\/12\\\/Arpeggio_blu_ambiente_con_carta_da_parati.jpg\",\"datePublished\":\"2019-12-05T17:11:05+00:00\",\"dateModified\":\"2024-09-05T09:05:57+00:00\",\"description\":\"Geometrie, foliage decorativi, layering in chiaro\\\/scuro: tutto concorre a creare un\u2019estetica di grande impatto visivo, stemperata da toni soffusi che sapranno legarsi armonicamente a ogni interno. Una carta da parati adatta non solo a spazi domestici e professionali, ma anche a corridoi, nicchie e zone di passaggio.\",\"breadcrumb\":{\"@id\":\"https:\\\/\\\/www.cartilla.de\\\/de\\\/negozio\\\/vintage\\\/arpeggio\\\/#breadcrumb\"},\"inLanguage\":\"de\",\"potentialAction\":[{\"@type\":\"ReadAction\",\"target\":[\"https:\\\/\\\/www.cartilla.de\\\/de\\\/negozio\\\/vintage\\\/arpeggio\\\/\"]}]},{\"@type\":\"ImageObject\",\"inLanguage\":\"de\",\"@id\":\"https:\\\/\\\/www.cartilla.de\\\/de\\\/negozio\\\/vintage\\\/arpeggio\\\/#primaryimage\",\"url\":\"https:\\\/\\\/www.cartilla.de\\\/wp-content\\\/uploads\\\/2019\\\/12\\\/Arpeggio_blu_ambiente_con_carta_da_parati.jpg\",\"contentUrl\":\"https:\\\/\\\/www.cartilla.de\\\/wp-content\\\/uploads\\\/2019\\\/12\\\/Arpeggio_blu_ambiente_con_carta_da_parati.jpg\",\"width\":1860,\"height\":1240,\"caption\":\"arpeggio colore blu ambientata carta da parati vintage\"},{\"@type\":\"BreadcrumbList\",\"@id\":\"https:\\\/\\\/www.cartilla.de\\\/de\\\/negozio\\\/vintage\\\/arpeggio\\\/#breadcrumb\",\"itemListElement\":[{\"@type\":\"ListItem\",\"position\":1,\"name\":\"Home\",\"item\":\"https:\\\/\\\/www.cartilla.de\\\/\"},{\"@type\":\"ListItem\",\"position\":2,\"name\":\"Prodotti\",\"item\":\"https:\\\/\\\/www.cartilla.de\\\/shop\\\/\"},{\"@type\":\"ListItem\",\"position\":3,\"name\":\"Arpeggio\"}]},{\"@type\":\"WebSite\",\"@id\":\"https:\\\/\\\/www.cartilla.de\\\/de\\\/#website\",\"url\":\"https:\\\/\\\/www.cartilla.de\\\/de\\\/\",\"name\":\"Cartilla\",\"description\":\"Carta da parati\",\"publisher\":{\"@id\":\"https:\\\/\\\/www.cartilla.de\\\/de\\\/#organization\"},\"potentialAction\":[{\"@type\":\"SearchAction\",\"target\":{\"@type\":\"EntryPoint\",\"urlTemplate\":\"https:\\\/\\\/www.cartilla.de\\\/de\\\/?s={search_term_string}\"},\"query-input\":{\"@type\":\"PropertyValueSpecification\",\"valueRequired\":true,\"valueName\":\"search_term_string\"}}],\"inLanguage\":\"de\"},{\"@type\":\"Organization\",\"@id\":\"https:\\\/\\\/www.cartilla.de\\\/de\\\/#organization\",\"name\":\"Cartilla\",\"url\":\"https:\\\/\\\/www.cartilla.de\\\/de\\\/\",\"logo\":{\"@type\":\"ImageObject\",\"inLanguage\":\"de\",\"@id\":\"https:\\\/\\\/www.cartilla.de\\\/de\\\/#\\\/schema\\\/logo\\\/image\\\/\",\"url\":\"https:\\\/\\\/www.cartilla.de\\\/wp-content\\\/uploads\\\/2020\\\/02\\\/catalogo-cartilla.jpg\",\"contentUrl\":\"https:\\\/\\\/www.cartilla.de\\\/wp-content\\\/uploads\\\/2020\\\/02\\\/catalogo-cartilla.jpg\",\"width\":800,\"height\":800,\"caption\":\"Cartilla\"},\"image\":{\"@id\":\"https:\\\/\\\/www.cartilla.de\\\/de\\\/#\\\/schema\\\/logo\\\/image\\\/\"},\"sameAs\":[\"https:\\\/\\\/www.facebook.com\\\/cartillawallcovering\",\"https:\\\/\\\/www.instagram.com\\\/cartillawallcovering\\\/\"]}]}<\/script>\n<!-- \/ Yoast SEO plugin. -->","yoast_head_json":{"title":"Arpeggio - Cartilla Vintage-Tapete mit geometrischen Mustern und Blattwerk","description":"Geometrien, dekoratives Blattwerk, Hell-Dunkel-Schichten: alles tr\u00e4gt dazu bei, eine \u00c4sthetik von gro\u00dfer visueller Wirkung zu schaffen, die durch ged\u00e4mpfte T\u00f6ne gemildert wird und sich harmonisch in jedes Interieur einf\u00fcgt. Eine Tapete, die sich nicht nur f\u00fcr Wohn- und Arbeitsr\u00e4ume, sondern auch f\u00fcr Flure, Nischen und Durchg\u00e4nge eignet.","robots":{"index":"index","follow":"follow","max-snippet":"max-snippet:-1","max-image-preview":"max-image-preview:large","max-video-preview":"max-video-preview:-1"},"canonical":"https:\/\/www.cartilla.de\/de\/shop\/jahrgang\/arpeggio\/","og_locale":"de_DE","og_type":"article","og_title":"Arpeggio carta da parati per ambienti comuni o di passaggio","og_description":"Geometrie, foliage decorativi, layering in chiaro\/scuro: tutto concorre a creare un\u2019estetica di grande impatto visivo, stemperata da toni soffusi che sapranno legarsi armonicamente a ogni interno. Una carta da parati adatta non solo a spazi domestici e professionali, ma anche a corridoi, nicchie e zone di passaggio.","og_url":"https:\/\/www.cartilla.de\/de\/shop\/jahrgang\/arpeggio\/","og_site_name":"Cartilla","article_publisher":"https:\/\/www.facebook.com\/cartillawallcovering","article_modified_time":"2024-09-05T09:05:57+00:00","og_image":[{"width":1860,"height":1240,"url":"https:\/\/www.cartilla.de\/wp-content\/uploads\/2019\/12\/Arpeggio_blu_ambiente_con_carta_da_parati.jpg","type":"image\/jpeg"}],"twitter_card":"summary_large_image","twitter_title":"Arpeggio carta da parati per ambienti domestici e professionali","twitter_description":"Geometrie, foliage decorativi, layering in chiaro\/scuro: tutto concorre a creare un\u2019estetica di grande impatto visivo, stemperata da toni soffusi che sapranno legarsi armonicamente a ogni interno. Una carta da parati adatta non solo a spazi domestici e professionali, ma anche a corridoi, nicchie e zone di passaggio.","twitter_image":"https:\/\/www.cartilla.de\/wp-content\/uploads\/2019\/12\/Arpeggio_blu_ambiente_con_carta_da_parati.jpg","twitter_misc":{"Gesch\u00e4tzte Lesezeit":"3\u00a0Minuten"},"schema":{"@context":"https:\/\/schema.org","@graph":[{"@type":"WebPage","@id":"https:\/\/www.cartilla.de\/de\/negozio\/vintage\/arpeggio\/","url":"https:\/\/www.cartilla.de\/de\/negozio\/vintage\/arpeggio\/","name":"Arpeggio - Cartilla Vintage-Tapete mit geometrischen Mustern und Blattwerk","isPartOf":{"@id":"https:\/\/www.cartilla.de\/de\/#website"},"primaryImageOfPage":{"@id":"https:\/\/www.cartilla.de\/de\/negozio\/vintage\/arpeggio\/#primaryimage"},"image":{"@id":"https:\/\/www.cartilla.de\/de\/negozio\/vintage\/arpeggio\/#primaryimage"},"thumbnailUrl":"https:\/\/www.cartilla.de\/wp-content\/uploads\/2019\/12\/Arpeggio_blu_ambiente_con_carta_da_parati.jpg","datePublished":"2019-12-05T17:11:05+00:00","dateModified":"2024-09-05T09:05:57+00:00","description":"Geometrien, dekoratives Blattwerk, Hell-Dunkel-Schichten: alles tr\u00e4gt dazu bei, eine \u00c4sthetik von gro\u00dfer visueller Wirkung zu schaffen, die durch ged\u00e4mpfte T\u00f6ne gemildert wird und sich harmonisch in jedes Interieur einf\u00fcgt. Eine Tapete, die sich nicht nur f\u00fcr Wohn- und Arbeitsr\u00e4ume, sondern auch f\u00fcr Flure, Nischen und Durchg\u00e4nge eignet.","breadcrumb":{"@id":"https:\/\/www.cartilla.de\/de\/negozio\/vintage\/arpeggio\/#breadcrumb"},"inLanguage":"de","potentialAction":[{"@type":"ReadAction","target":["https:\/\/www.cartilla.de\/de\/negozio\/vintage\/arpeggio\/"]}]},{"@type":"ImageObject","inLanguage":"de","@id":"https:\/\/www.cartilla.de\/de\/negozio\/vintage\/arpeggio\/#primaryimage","url":"https:\/\/www.cartilla.de\/wp-content\/uploads\/2019\/12\/Arpeggio_blu_ambiente_con_carta_da_parati.jpg","contentUrl":"https:\/\/www.cartilla.de\/wp-content\/uploads\/2019\/12\/Arpeggio_blu_ambiente_con_carta_da_parati.jpg","width":1860,"height":1240,"caption":"arpeggio colore blu ambientata carta da parati vintage"},{"@type":"BreadcrumbList","@id":"https:\/\/www.cartilla.de\/de\/negozio\/vintage\/arpeggio\/#breadcrumb","itemListElement":[{"@type":"ListItem","position":1,"name":"Home","item":"https:\/\/www.cartilla.de\/"},{"@type":"ListItem","position":2,"name":"Prodotti","item":"https:\/\/www.cartilla.de\/shop\/"},{"@type":"ListItem","position":3,"name":"Arpeggio"}]},{"@type":"WebSite","@id":"https:\/\/www.cartilla.de\/de\/#website","url":"https:\/\/www.cartilla.de\/de\/","name":"Cartilla","description":"Carta da parati","publisher":{"@id":"https:\/\/www.cartilla.de\/de\/#organization"},"potentialAction":[{"@type":"SearchAction","target":{"@type":"EntryPoint","urlTemplate":"https:\/\/www.cartilla.de\/de\/?s={search_term_string}"},"query-input":{"@type":"PropertyValueSpecification","valueRequired":true,"valueName":"search_term_string"}}],"inLanguage":"de"},{"@type":"Organization","@id":"https:\/\/www.cartilla.de\/de\/#organization","name":"Cartilla","url":"https:\/\/www.cartilla.de\/de\/","logo":{"@type":"ImageObject","inLanguage":"de","@id":"https:\/\/www.cartilla.de\/de\/#\/schema\/logo\/image\/","url":"https:\/\/www.cartilla.de\/wp-content\/uploads\/2020\/02\/catalogo-cartilla.jpg","contentUrl":"https:\/\/www.cartilla.de\/wp-content\/uploads\/2020\/02\/catalogo-cartilla.jpg","width":800,"height":800,"caption":"Cartilla"},"image":{"@id":"https:\/\/www.cartilla.de\/de\/#\/schema\/logo\/image\/"},"sameAs":["https:\/\/www.facebook.com\/cartillawallcovering","https:\/\/www.instagram.com\/cartillawallcovering\/"]}]}},"_links":{"self":[{"href":"https:\/\/www.cartilla.de\/de\/wp-json\/wp\/v2\/product\/8392","targetHints":{"allow":["GET"]}}],"collection":[{"href":"https:\/\/www.cartilla.de\/de\/wp-json\/wp\/v2\/product"}],"about":[{"href":"https:\/\/www.cartilla.de\/de\/wp-json\/wp\/v2\/types\/product"}],"wp:featuredmedia":[{"embeddable":true,"href":"https:\/\/www.cartilla.de\/de\/wp-json\/wp\/v2\/media\/8388"}],"wp:attachment":[{"href":"https:\/\/www.cartilla.de\/de\/wp-json\/wp\/v2\/media?parent=8392"}],"wp:term":[{"taxonomy":"product_brand","embeddable":true,"href":"https:\/\/www.cartilla.de\/de\/wp-json\/wp\/v2\/product_brand?post=8392"},{"taxonomy":"product_cat","embeddable":true,"href":"https:\/\/www.cartilla.de\/de\/wp-json\/wp\/v2\/product_cat?post=8392"},{"taxonomy":"product_tag","embeddable":true,"href":"https:\/\/www.cartilla.de\/de\/wp-json\/wp\/v2\/product_tag?post=8392"}],"curies":[{"name":"wp","href":"https:\/\/api.w.org\/{rel}","templated":true}]}}